{"id":1859,"date":"2021-03-30T11:00:39","date_gmt":"2021-03-30T09:00:39","guid":{"rendered":"https:\/\/www.zuckermuehle.at\/about-us\/"},"modified":"2021-04-06T21:32:46","modified_gmt":"2021-04-06T19:32:46","slug":"about-us","status":"publish","type":"page","link":"https:\/\/zucker.ebenanders.at\/en\/about-us\/","title":{"rendered":"About us"},"content":{"rendered":"\n<style type=\"text\/css\" data-created_by=\"avia_inline_auto\" id=\"style-css-av-1081l-3734cefe714914a3f55876720308eba3\">\n.flex_column.av-1081l-3734cefe714914a3f55876720308eba3{\nborder-radius:0px 0px 0px 0px;\npadding:0px 0px 0px 0px;\n}\n<\/style>\n<div  class='flex_column av-1081l-3734cefe714914a3f55876720308eba3 av_one_full  avia-builder-el-0  el_before_av_one_half  avia-builder-el-first  first flex_column_div av-zero-column-padding  '     ><style type=\"text\/css\" data-created_by=\"avia_inline_auto\" id=\"style-css-av-khgecp2v-b5b7f86695c92b97eb58cb8fc1a2caa9\">\n#top .av-special-heading.av-khgecp2v-b5b7f86695c92b97eb58cb8fc1a2caa9{\npadding-bottom:10px;\n}\nbody .av-special-heading.av-khgecp2v-b5b7f86695c92b97eb58cb8fc1a2caa9 .av-special-heading-tag .heading-char{\nfont-size:25px;\n}\n.av-special-heading.av-khgecp2v-b5b7f86695c92b97eb58cb8fc1a2caa9 .av-subheading{\nfont-size:15px;\n}\n<\/style>\n<div  class='av-special-heading av-khgecp2v-b5b7f86695c92b97eb58cb8fc1a2caa9 av-special-heading-h1 blockquote modern-quote  avia-builder-el-1  avia-builder-el-no-sibling '><h1 class='av-special-heading-tag '  itemprop=\"headline\"  >The sugar mill <\/h1><div class='av-subheading av-subheading_below'><p>A family business<\/p>\n<\/div><div class=\"special-heading-border\"><div class=\"special-heading-inner-border\"><\/div><\/div><\/div><\/div>\n\n<style type=\"text\/css\" data-created_by=\"avia_inline_auto\" id=\"style-css-av-qooh-7f3dc726b77f199aea17240cb6ac3ab0\">\n#top .flex_column.av-qooh-7f3dc726b77f199aea17240cb6ac3ab0{\nmargin-top:-10px;\nmargin-bottom:-10px;\n}\n.flex_column.av-qooh-7f3dc726b77f199aea17240cb6ac3ab0{\nborder-radius:0px 0px 0px 0px;\npadding:0px 0px 0px 0px;\n}\n.responsive #top #wrap_all .flex_column.av-qooh-7f3dc726b77f199aea17240cb6ac3ab0{\nmargin-top:-10px;\nmargin-bottom:-10px;\n}\n<\/style>\n<div  class='flex_column av-qooh-7f3dc726b77f199aea17240cb6ac3ab0 av_one_half  avia-builder-el-2  el_after_av_one_full  el_before_av_one_half  first flex_column_div av-zero-column-padding  column-top-margin'     ><section  class='av_textblock_section av-khgbk17o-a8969c333a15ed0cdd91a955adfbdb2c '   itemscope=\"itemscope\" itemtype=\"https:\/\/schema.org\/CreativeWork\" ><div class='avia_textblock'  itemprop=\"text\" ><p>A mill was first mentioned at this location in 1395. The mill has been owned by the Zucker family since 1848 and is now run by the 4th generation.<\/p>\n<p>Located in the northern part of Lower Austria (40km north of Vienna) we are situated in one of the best grain growing areas of our country, the Weinviertel. This region, also called the <strong>granary of Austria<\/strong>, offers thanks to the Pannonian climate the ideal conditions to harvest qualitatively best grain varieties in order to mill high-quality flour from them.<\/p>\n<\/div><\/section><\/div>\n<style type=\"text\/css\" data-created_by=\"avia_inline_auto\" id=\"style-css-av-khgc991r-797198bd29a74513998ae500b90d8dce\">\n@keyframes av_boxShadowEffect_av-khgc991r-797198bd29a74513998ae500b90d8dce-column {\n0%   { box-shadow:  0 0 0 0 #828282; opacity: 1; }\n100% { box-shadow:  0 0 10px 0 #828282; opacity: 1; }\n}\n#top .flex_column.av-khgc991r-797198bd29a74513998ae500b90d8dce{\nmargin-top:-10px;\nmargin-bottom:-10px;\n}\n.flex_column.av-khgc991r-797198bd29a74513998ae500b90d8dce{\nbox-shadow: 0 0 10px 0 #828282;\nborder-radius:0px 0px 0px 0px;\npadding:0px 0px 0px 0px;\n}\n.responsive #top #wrap_all .flex_column.av-khgc991r-797198bd29a74513998ae500b90d8dce{\nmargin-top:-10px;\nmargin-bottom:-10px;\n}\n<\/style>\n<div  class='flex_column av-khgc991r-797198bd29a74513998ae500b90d8dce av_one_half  avia-builder-el-4  el_after_av_one_half  el_before_av_one_half  flex_column_div shadow-not-animated av-zero-column-padding  column-top-margin'     ><style type=\"text\/css\" data-created_by=\"avia_inline_auto\" id=\"style-css-av-ki79qlpm-6596bf4e8bb82b28a8b572351028673e\">\n.avia-image-container.av-ki79qlpm-6596bf4e8bb82b28a8b572351028673e img.avia_image{\nbox-shadow:none;\n}\n.avia-image-container.av-ki79qlpm-6596bf4e8bb82b28a8b572351028673e .av-image-caption-overlay-center{\ncolor:#ffffff;\n}\n<\/style>\n<div  class='avia-image-container av-ki79qlpm-6596bf4e8bb82b28a8b572351028673e av-styling- avia_animated_image av-animated-when-visible-95 fade-in avia-align-center  avia-builder-el-5  avia-builder-el-no-sibling '   itemprop=\"image\" itemscope=\"itemscope\" itemtype=\"https:\/\/schema.org\/ImageObject\" ><div class=\"avia-image-container-inner\"><div class=\"avia-image-overlay-wrap\"><img decoding=\"async\" fetchpriority=\"high\" class='wp-image-1853 avia-img-lazy-loading-not-1853 avia_image ' src=\"https:\/\/zucker.ebenanders.at\/wp-content\/uploads\/2020\/11\/doris-fritz-low-2.jpg\" alt='Doris and Fritz Zucker' title=''  height=\"573\" width=\"600\"  itemprop=\"thumbnailUrl\" srcset=\"https:\/\/zucker.ebenanders.at\/wp-content\/uploads\/2020\/11\/doris-fritz-low-2.jpg 600w, https:\/\/zucker.ebenanders.at\/wp-content\/uploads\/2020\/11\/doris-fritz-low-2-300x287.jpg 300w\" sizes=\"(max-width: 600px) 100vw, 600px\" \/><\/div><\/div><\/div><\/div><\/p>\n\n<style type=\"text\/css\" data-created_by=\"avia_inline_auto\" id=\"style-css-av-khkeie93-cbb4766f781272915df058263f3b49ef\">\n.flex_column.av-khkeie93-cbb4766f781272915df058263f3b49ef{\nborder-radius:0px 0px 0px 0px;\npadding:0px 0px 0px 0px;\n}\n<\/style>\n<div  class='flex_column av-khkeie93-cbb4766f781272915df058263f3b49ef av_one_half  avia-builder-el-6  el_after_av_one_half  el_before_av_one_half  first no_margin flex_column_div av-zero-column-padding  column-top-margin'     ><\/div>\n\n<style type=\"text\/css\" data-created_by=\"avia_inline_auto\" id=\"style-css-av-khkejohk-a6fe7c0ba4a5d621477c8fda22aa3ad8\">\n.flex_column.av-khkejohk-a6fe7c0ba4a5d621477c8fda22aa3ad8{\nborder-radius:50px 0px 0px 50px;\npadding:0px 0px 0px 50px;\n}\n<\/style>\n<div  class='flex_column av-khkejohk-a6fe7c0ba4a5d621477c8fda22aa3ad8 av_one_half  avia-builder-el-7  el_after_av_one_half  el_before_av_one_half  no_margin flex_column_div  column-top-margin'     ><section  class='av_textblock_section av-khkecuc9-c818e10de0ab752e9463d9fb431d7245 '   itemscope=\"itemscope\" itemtype=\"https:\/\/schema.org\/CreativeWork\" ><div class='avia_textblock'  itemprop=\"text\" ><p style=\"text-align: center\">The 4th generation in the family business: Doris and Fritz Zucker<\/p>\n<\/div><\/section><\/div>\n\n<style type=\"text\/css\" data-created_by=\"avia_inline_auto\" id=\"style-css-av-khgc991r-20b7746bb4e34aabffa151a71e5445ca\">\n@keyframes av_boxShadowEffect_av-khgc991r-20b7746bb4e34aabffa151a71e5445ca-column {\n0%   { box-shadow:  0 0 0 0 #828282; opacity: 1; }\n100% { box-shadow:  0 0 10px 0 #828282; opacity: 1; }\n}\n.flex_column.av-khgc991r-20b7746bb4e34aabffa151a71e5445ca{\nbox-shadow: 0 0 10px 0 #828282;\nborder-radius:0px 0px 0px 0px;\npadding:0px 0px 0px 0px;\n}\n<\/style>\n<div  class='flex_column av-khgc991r-20b7746bb4e34aabffa151a71e5445ca av_one_half  avia-builder-el-9  el_after_av_one_half  el_before_av_one_half  first flex_column_div shadow-not-animated av-zero-column-padding  column-top-margin'     ><style type=\"text\/css\" data-created_by=\"avia_inline_auto\" id=\"style-css-av-khgc8463-90ecbd652d5f2fcf264d8666d3385f37\">\n.avia-image-container.av-khgc8463-90ecbd652d5f2fcf264d8666d3385f37 img.avia_image{\nbox-shadow:none;\n}\n.avia-image-container.av-khgc8463-90ecbd652d5f2fcf264d8666d3385f37 .av-image-caption-overlay-center{\ncolor:#ffffff;\n}\n<\/style>\n<div  class='avia-image-container av-khgc8463-90ecbd652d5f2fcf264d8666d3385f37 av-styling- avia_animated_image av-animated-when-visible-95 fade-in avia-align-center  avia-builder-el-10  avia-builder-el-no-sibling '   itemprop=\"image\" itemscope=\"itemscope\" itemtype=\"https:\/\/schema.org\/ImageObject\" ><div class=\"avia-image-container-inner\"><div class=\"avia-image-overlay-wrap\"><img decoding=\"async\" fetchpriority=\"high\" class='wp-image-1704 avia-img-lazy-loading-not-1704 avia_image ' src=\"https:\/\/zucker.ebenanders.at\/wp-content\/uploads\/2020\/11\/luftbild.jpg\" alt='Aerial view sugar mill' title='Aerial view sugar mill'  height=\"719\" width=\"1000\"  itemprop=\"thumbnailUrl\" srcset=\"https:\/\/zucker.ebenanders.at\/wp-content\/uploads\/2020\/11\/luftbild.jpg 1000w, https:\/\/zucker.ebenanders.at\/wp-content\/uploads\/2020\/11\/luftbild-600x431.jpg 600w\" sizes=\"(max-width: 1000px) 100vw, 1000px\" \/><\/div><\/div><\/div><\/div>\n\n<style type=\"text\/css\" data-created_by=\"avia_inline_auto\" id=\"style-css-av-1j989-d4f881f8932bac48333f8a65a4206cc8\">\n.flex_column.av-1j989-d4f881f8932bac48333f8a65a4206cc8{\nborder-radius:0px 0px 0px 0px;\npadding:0px 0px 0px 0px;\n}\n<\/style>\n<div  class='flex_column av-1j989-d4f881f8932bac48333f8a65a4206cc8 av_one_half  avia-builder-el-11  el_after_av_one_half  el_before_av_one_half  flex_column_div av-zero-column-padding  column-top-margin'     ><section  class='av_textblock_section av-khgbk17o-dbf00598a03d585d41c42e141305119d '   itemscope=\"itemscope\" itemtype=\"https:\/\/schema.org\/CreativeWork\" ><div class='avia_textblock'  itemprop=\"text\" ><h2>Numbers &amp; Data<\/h2>\n<h3>Storage capacity<\/h3>\n<ul>\n<li>Grain silos 28.000t<\/li>\n<li>Flour and loading silos 300t<\/li>\n<li>Warehouses 3.000m2<\/li>\n<\/ul>\n<h3>Production capacity \/ day<\/h3>\n<ul>\n<li>Wheat grinding 50t<\/li>\n<li>Rye milling 30t<\/li>\n<\/ul>\n<h3>Packaging<\/h3>\n<ul>\n<li>1 kg packaging line 2.000kg\/h<\/li>\n<\/ul>\n<h3>Bagging 10, 25, 30 kg bags<\/h3>\n<ul>\n<li>up to 2.500kg\/h depending on bag size<\/li>\n<\/ul>\n<\/div><\/section><\/div>\n\n<style type=\"text\/css\" data-created_by=\"avia_inline_auto\" id=\"style-css-av-raa9-e6044b5b95a8d2609439f60dfeb5c67e\">\n.flex_column.av-raa9-e6044b5b95a8d2609439f60dfeb5c67e{\nborder-radius:0px 0px 0px 0px;\npadding:0px 0px 0px 0px;\n}\n<\/style>\n<div  class='flex_column av-raa9-e6044b5b95a8d2609439f60dfeb5c67e av_one_half  avia-builder-el-13  el_after_av_one_half  el_before_av_one_half  first flex_column_div av-zero-column-padding  column-top-margin'     ><section  class='av_textblock_section av-khgcklwd-c340b485740f20602b6236b00fe8dd2c '   itemscope=\"itemscope\" itemtype=\"https:\/\/schema.org\/CreativeWork\" ><div class='avia_textblock'  itemprop=\"text\" ><h2>Our history<\/h2>\n<p><strong>1848:<\/strong> The Zucker family takes over the small mill in Wilfersdorf, which has existed for centuries and has been in the family ever since.<\/p>\n<p><strong>Second World War:<\/strong> Almost complete destruction of the mill due to bombings<\/p>\n<p><strong>Post-war period:<\/strong> Reconstruction of the sugar mill by the then owner Josef Zucker<\/p>\n<p><strong>1951:<\/strong> First construction of a concrete silo in sliding construction, followed by the first metal silos, as well as a grain drying plant.<\/p>\n<p>In the<strong>mid-1960s<\/strong>, the mill building was extended, followed by the rebuilding of the grinding equipment with the aim of achieving extensive automation.<br \/>\n1969: Takeover of the company by Friedrich Zucker sen., the son of Josef Zucker<\/p>\n<p><strong>1969 &#8211; 1995:<\/strong> Under the management of Friedrich Zucker sen. the mill capacity was expanded, a fully automatic control system was installed and a small packing plant was built. He also built up a wholesale business for cereals (rye, wheat, barley, maize) and alternative products (rapeseed, peas, sunflowers).<\/p>\n<p><strong>1995:<\/strong> Son Friedrich jun. finished his milling studies in Switzerland and joined the company.<\/p>\n<p><strong>2002:<\/strong> Construction of silo plant 4: 6 metal silo cells with a capacity of 800 tons each, intake chute (120 t \/ h intake capacity)<\/p>\n<p><strong>2003:<\/strong> Bridge car construction 18m<\/p>\n<p><strong>2007:<\/strong> Renewal of the packaging: Installation of two packaging lines for bagged goods and flour, fully automatic palletizing lines with automatic stretch wrapping line and accumulating pallet roller conveyors into the finished goods warehouse<\/p>\n<p><strong>2015:<\/strong> Construction of silo plant 5: 3 metal silo cells, capacity of 3,000 tons each, intake chute and cleaning plant (150 t \/ h intake capacity)<br \/>\nConstruction of an additional bridge weighbridge with 20m length<\/p>\n<\/div><\/section><\/div>\n\n<style type=\"text\/css\" data-created_by=\"avia_inline_auto\" id=\"style-css-av-khgc991r-797198bd29a74513998ae500b90d8dce\">\n@keyframes av_boxShadowEffect_av-khgc991r-797198bd29a74513998ae500b90d8dce-column {\n0%   { box-shadow:  0 0 0 0 #828282; opacity: 1; }\n100% { box-shadow:  0 0 10px 0 #828282; opacity: 1; }\n}\n.flex_column.av-khgc991r-797198bd29a74513998ae500b90d8dce{\nbox-shadow: 0 0 10px 0 #828282;\nborder-radius:0px 0px 0px 0px;\npadding:0px 0px 0px 0px;\n}\n<\/style>\n<div  class='flex_column av-khgc991r-797198bd29a74513998ae500b90d8dce av_one_half  avia-builder-el-15  el_after_av_one_half  avia-builder-el-last  flex_column_div shadow-not-animated av-zero-column-padding  column-top-margin'     ><style type=\"text\/css\" data-created_by=\"avia_inline_auto\" id=\"style-css-av-khgc8463-d31af763cd581de68e4acd78a3ade344\">\n.avia-image-container.av-khgc8463-d31af763cd581de68e4acd78a3ade344 img.avia_image{\nbox-shadow:none;\n}\n.avia-image-container.av-khgc8463-d31af763cd581de68e4acd78a3ade344 .av-image-caption-overlay-center{\ncolor:#ffffff;\n}\n<\/style>\n<div  class='avia-image-container av-khgc8463-d31af763cd581de68e4acd78a3ade344 av-styling- avia_animated_image av-animated-when-visible-95 fade-in avia-align-center  avia-builder-el-16  avia-builder-el-no-sibling '   itemprop=\"image\" itemscope=\"itemscope\" itemtype=\"https:\/\/schema.org\/ImageObject\" ><div class=\"avia-image-container-inner\"><div class=\"avia-image-overlay-wrap\"><img decoding=\"async\" fetchpriority=\"high\" class='wp-image-1702 avia-img-lazy-loading-not-1702 avia_image ' src=\"https:\/\/zucker.ebenanders.at\/wp-content\/uploads\/2020\/11\/lastwagen.jpg\" alt='Old truck' title='Old truck'  height=\"738\" width=\"1000\"  itemprop=\"thumbnailUrl\" srcset=\"https:\/\/zucker.ebenanders.at\/wp-content\/uploads\/2020\/11\/lastwagen.jpg 1000w, https:\/\/zucker.ebenanders.at\/wp-content\/uploads\/2020\/11\/lastwagen-600x443.jpg 600w, https:\/\/zucker.ebenanders.at\/wp-content\/uploads\/2020\/11\/lastwagen-300x221.jpg 300w, https:\/\/zucker.ebenanders.at\/wp-content\/uploads\/2020\/11\/lastwagen-768x567.jpg 768w, https:\/\/zucker.ebenanders.at\/wp-content\/uploads\/2020\/11\/lastwagen-705x520.jpg 705w\" sizes=\"(max-width: 1000px) 100vw, 1000px\" \/><\/div><\/div><\/div><\/div>\n","protected":false},"excerpt":{"rendered":"","protected":false},"author":2,"featured_media":0,"parent":0,"menu_order":0,"comment_status":"closed","ping_status":"closed","template":"","meta":{"footnotes":""},"class_list":["post-1859","page","type-page","status-publish","hentry"],"yoast_head":"<!-- This site is optimized with the Yoast SEO plugin v27.4 - https:\/\/yoast.com\/product\/yoast-seo-wordpress\/ -->\n<title>About us - Zuckerm\u00fchle Wilfersdorf - The story of the sugar mill.<\/title>\n<meta name=\"description\" content=\"History of the Zuckerm\u00fchle: First mentioned in 1395, the Zuckerm\u00fchle has been owned by the Zucker family since 1848.\" \/>\n<meta name=\"robots\" content=\"noindex, follow, max-snippet:-1, max-image-preview:large, max-video-preview:-1\" \/>\n<meta property=\"og:locale\" content=\"en_US\" \/>\n<meta property=\"og:type\" content=\"article\" \/>\n<meta property=\"og:title\" content=\"About us - Zuckerm\u00fchle Wilfersdorf - The story of the sugar mill.\" \/>\n<meta property=\"og:description\" content=\"History of the Zuckerm\u00fchle: First mentioned in 1395, the Zuckerm\u00fchle has been owned by the Zucker family since 1848.\" \/>\n<meta property=\"og:url\" content=\"https:\/\/zucker.ebenanders.at\/en\/about-us\/\" \/>\n<meta property=\"og:site_name\" content=\"Zuckerm\u00fchle Wilfersdorf\" \/>\n<meta property=\"article:modified_time\" content=\"2021-04-06T19:32:46+00:00\" \/>\n<meta name=\"twitter:card\" content=\"summary_large_image\" \/>\n<meta name=\"twitter:label1\" content=\"Est. reading time\" \/>\n\t<meta name=\"twitter:data1\" content=\"10 minutes\" \/>\n<script type=\"application\/ld+json\" class=\"yoast-schema-graph\">{\"@context\":\"https:\\\/\\\/schema.org\",\"@graph\":[{\"@type\":\"WebPage\",\"@id\":\"https:\\\/\\\/zucker.ebenanders.at\\\/en\\\/about-us\\\/\",\"url\":\"https:\\\/\\\/zucker.ebenanders.at\\\/en\\\/about-us\\\/\",\"name\":\"About us - Zuckerm\u00fchle Wilfersdorf - The story of the sugar mill.\",\"isPartOf\":{\"@id\":\"https:\\\/\\\/zucker.ebenanders.at\\\/en\\\/#website\"},\"datePublished\":\"2021-03-30T09:00:39+00:00\",\"dateModified\":\"2021-04-06T19:32:46+00:00\",\"description\":\"History of the Zuckerm\u00fchle: First mentioned in 1395, the Zuckerm\u00fchle has been owned by the Zucker family since 1848.\",\"breadcrumb\":{\"@id\":\"https:\\\/\\\/zucker.ebenanders.at\\\/en\\\/about-us\\\/#breadcrumb\"},\"inLanguage\":\"en-US\",\"potentialAction\":[{\"@type\":\"ReadAction\",\"target\":[\"https:\\\/\\\/zucker.ebenanders.at\\\/en\\\/about-us\\\/\"]}]},{\"@type\":\"BreadcrumbList\",\"@id\":\"https:\\\/\\\/zucker.ebenanders.at\\\/en\\\/about-us\\\/#breadcrumb\",\"itemListElement\":[{\"@type\":\"ListItem\",\"position\":1,\"name\":\"Startseite\",\"item\":\"https:\\\/\\\/zucker.ebenanders.at\\\/en\\\/\"},{\"@type\":\"ListItem\",\"position\":2,\"name\":\"About us\"}]},{\"@type\":\"WebSite\",\"@id\":\"https:\\\/\\\/zucker.ebenanders.at\\\/en\\\/#website\",\"url\":\"https:\\\/\\\/zucker.ebenanders.at\\\/en\\\/\",\"name\":\"Zuckerm\u00fchle Wilfersdorf\",\"description\":\"Website\\\/Webshop: Mehl und M\u00fcsli aus Wilfersdorf\",\"potentialAction\":[{\"@type\":\"SearchAction\",\"target\":{\"@type\":\"EntryPoint\",\"urlTemplate\":\"https:\\\/\\\/zucker.ebenanders.at\\\/en\\\/?s={search_term_string}\"},\"query-input\":{\"@type\":\"PropertyValueSpecification\",\"valueRequired\":true,\"valueName\":\"search_term_string\"}}],\"inLanguage\":\"en-US\"}]}<\/script>\n<!-- \/ Yoast SEO plugin. -->","yoast_head_json":{"title":"About us - Zuckerm\u00fchle Wilfersdorf - The story of the sugar mill.","description":"History of the Zuckerm\u00fchle: First mentioned in 1395, the Zuckerm\u00fchle has been owned by the Zucker family since 1848.","robots":{"index":"noindex","follow":"follow","max-snippet":"max-snippet:-1","max-image-preview":"max-image-preview:large","max-video-preview":"max-video-preview:-1"},"og_locale":"en_US","og_type":"article","og_title":"About us - Zuckerm\u00fchle Wilfersdorf - The story of the sugar mill.","og_description":"History of the Zuckerm\u00fchle: First mentioned in 1395, the Zuckerm\u00fchle has been owned by the Zucker family since 1848.","og_url":"https:\/\/zucker.ebenanders.at\/en\/about-us\/","og_site_name":"Zuckerm\u00fchle Wilfersdorf","article_modified_time":"2021-04-06T19:32:46+00:00","twitter_card":"summary_large_image","twitter_misc":{"Est. reading time":"10 minutes"},"schema":{"@context":"https:\/\/schema.org","@graph":[{"@type":"WebPage","@id":"https:\/\/zucker.ebenanders.at\/en\/about-us\/","url":"https:\/\/zucker.ebenanders.at\/en\/about-us\/","name":"About us - Zuckerm\u00fchle Wilfersdorf - The story of the sugar mill.","isPartOf":{"@id":"https:\/\/zucker.ebenanders.at\/en\/#website"},"datePublished":"2021-03-30T09:00:39+00:00","dateModified":"2021-04-06T19:32:46+00:00","description":"History of the Zuckerm\u00fchle: First mentioned in 1395, the Zuckerm\u00fchle has been owned by the Zucker family since 1848.","breadcrumb":{"@id":"https:\/\/zucker.ebenanders.at\/en\/about-us\/#breadcrumb"},"inLanguage":"en-US","potentialAction":[{"@type":"ReadAction","target":["https:\/\/zucker.ebenanders.at\/en\/about-us\/"]}]},{"@type":"BreadcrumbList","@id":"https:\/\/zucker.ebenanders.at\/en\/about-us\/#breadcrumb","itemListElement":[{"@type":"ListItem","position":1,"name":"Startseite","item":"https:\/\/zucker.ebenanders.at\/en\/"},{"@type":"ListItem","position":2,"name":"About us"}]},{"@type":"WebSite","@id":"https:\/\/zucker.ebenanders.at\/en\/#website","url":"https:\/\/zucker.ebenanders.at\/en\/","name":"Zuckerm\u00fchle Wilfersdorf","description":"Website\/Webshop: Mehl und M\u00fcsli aus Wilfersdorf","potentialAction":[{"@type":"SearchAction","target":{"@type":"EntryPoint","urlTemplate":"https:\/\/zucker.ebenanders.at\/en\/?s={search_term_string}"},"query-input":{"@type":"PropertyValueSpecification","valueRequired":true,"valueName":"search_term_string"}}],"inLanguage":"en-US"}]}},"_links":{"self":[{"href":"https:\/\/zucker.ebenanders.at\/en\/wp-json\/wp\/v2\/pages\/1859","targetHints":{"allow":["GET"]}}],"collection":[{"href":"https:\/\/zucker.ebenanders.at\/en\/wp-json\/wp\/v2\/pages"}],"about":[{"href":"https:\/\/zucker.ebenanders.at\/en\/wp-json\/wp\/v2\/types\/page"}],"author":[{"embeddable":true,"href":"https:\/\/zucker.ebenanders.at\/en\/wp-json\/wp\/v2\/users\/2"}],"replies":[{"embeddable":true,"href":"https:\/\/zucker.ebenanders.at\/en\/wp-json\/wp\/v2\/comments?post=1859"}],"version-history":[{"count":15,"href":"https:\/\/zucker.ebenanders.at\/en\/wp-json\/wp\/v2\/pages\/1859\/revisions"}],"predecessor-version":[{"id":2386,"href":"https:\/\/zucker.ebenanders.at\/en\/wp-json\/wp\/v2\/pages\/1859\/revisions\/2386"}],"wp:attachment":[{"href":"https:\/\/zucker.ebenanders.at\/en\/wp-json\/wp\/v2\/media?parent=1859"}],"curies":[{"name":"wp","href":"https:\/\/api.w.org\/{rel}","templated":true}]}}